{"id":2754,"date":"2017-05-25T13:15:45","date_gmt":"2017-05-25T10:15:45","guid":{"rendered":"https:\/\/www.elch.chem.msu.ru\/wp3\/?page_id=2754"},"modified":"2020-02-18T18:08:14","modified_gmt":"2020-02-18T15:08:14","slug":"levin-publications","status":"publish","type":"page","link":"https:\/\/www.elch.chem.msu.ru\/wp3\/index.php\/ru\/levin-publications\/","title":{"rendered":"Selected publications"},"content":{"rendered":"<p>&nbsp;<\/p>\n<ol>\n<li>Leonid V. Pugolovkin, <span style=\"text-decoration: underline;\">Eduard E. Levin<\/span>, Olga V. Cherstiouk, Nina A. Rudina, Galina A. Tsirlina &#171;Fabrication and Operation under the Same Conditions: Oxygen Reduction on Electrodeposited Manganese Oxide&#187; <em>ECS Trans <strong>85<\/strong> (2018) 137<\/em>.<\/li>\n<li>V. V. Zefirov, I. V. Elmanovich, <span style=\"text-decoration: underline;\">E. E. Levin<\/span>, S. S. Abramchuk, E. P. Kharitonova, A. A. Khokhlov, M. S. Kondratenko, M. O. Gallyamov &#171;Synthesis of manganese oxide electrocatalysts in supercritical carbon dioxide&#187; <em>J. Mater. Sci. <strong>53<\/strong> (2018) 9449<\/em>.<\/li>\n<li>Tatiana Kiseleva, <span style=\"text-decoration: underline;\">Eduard Levin<\/span>, Alla Novakova, Alexander Ilyushin, Tatiana Grigoryeva, Vladimir \u0160epel\u00e1k &#171;The formation of Fe\u2013Ga\u2013In nanocomposite particles using mechanochemical interaction of Fe with the Ga\u2013In eutectic&#187; <em>J. Mater. Sci.<\/em> <em><strong>53<\/strong> (2018) 13477<\/em>.<\/li>\n<li>S. I. Nefedkin, M. A. Klimova, E. A. Kolomeitseva, M. K. Klochnev, <span style=\"text-decoration: underline;\">E. E. Levin<\/span>, O. A. Petrii &#171;Pt- and Ir-based disperse catalysts synthesized in a magnetron for water electrolyzers with a solid polymer electrolyte&#187; <em>Russ. J. Electrochem. <strong>53<\/strong> (2017) 284-291<\/em>.<\/li>\n<li><span style=\"text-decoration: underline;\">Eduard E. Levin<\/span>, Sergey Yu. Vassiliev, Victoria A. Nikitina &#187; Solvent effect on the kinetics of lithium ion intercalation into LiCoO<sub>2<\/sub>&#187; <em>Electrochim. Acta <strong>228<\/strong> (2017) 114-124.<\/em><\/li>\n<li>Sergey Yu. Vassiliev, <u>Eduard E. Levin<\/u>, Victoria A. Nikitina &#171;Kinetic analysis of lithium intercalating systems: cyclic voltammetry&#187; <em>Electrochim. Acta <strong>190<\/strong> (2016) 1087-1099.<\/em><\/li>\n<li>Anna S. Ryabova, Filipp S. Napolskiy, Tiphaine Poux, Sergey Ya. Istomin, Antoine Bonnefont, Denis M. Antipin, Alexander Ye. Baranchikov, <u>Eduard E. Levin<\/u>, Artem M. Abakumov, Gw\u00e9na\u00eblle K\u00e9rangu\u00e9ven, Evgeny V. Antipov, Galina A. Tsirlina, Elena R. Savinova &#171;Rationalizing the Influence of the Mn(IV)\/Mn(III) Red-Ox Transition on the Electrocatalytic Activity of Manganese Oxides in the Oxygen Reduction Reaction&#187; <em>Electrochim. Acta <strong>187<\/strong> (2016) 161-172.<\/em><\/li>\n<li>A. Lukyanov, A. Churakova, A. Filatov, <u>E. Levin<\/u>, R. Valiev, D. Gunderov, E. Antipov \u201cMicrostructure refinement in Cu-Fe alloy using high pressure torsion\u201d <em>IOP Conf. Ser.: Mater. Sci. Eng. <strong>63 <\/strong>(2014) 012102.<\/em><\/li>\n<li>Olga D. Parashchuk, Souren Grigorian, <u>Eduard E. Levin<\/u>, Vladimir V. Bruevich, Kirill Bukunov, Ilya V. Golovnin, Thomas Dittrich, Kirill A. Dembo, Vladimir V. Volkov, Dmitry Yu. Parashchuk \u201cAcceptor-Enhanced local Order in Conjugated Polymer Films\u201d <em>J. Phys. Chem. Lett. <strong>4<\/strong> (2013) 1298-1303<\/em>.<\/li>\n<li>Veronika K. Laurinavichute, Sergey Yu. Vassiliev, Alexander Yu. Filatov, <u>Eduard E. Levin<\/u>, Galina A. Tsirlina \u201cElectrochemistry of MoO<sub>3<\/sub>-K<sub>2<\/sub>MoO<sub>4<\/sub> melts: a chance to control the nature of reduced molybdenum oxides\u201d <em>J Solid State Electrochem. <strong>16<\/strong> (2012) 3515-3528<\/em>.<\/li>\n<li>\u041d.\u0412. \u041f\u043e\u0440\u043e\u0445\u043e\u0432, <u>\u042d.\u0415. \u041b\u0435\u0432\u0438\u043d<\/u>, \u041c.\u041b. \u0427\u0443\u0445\u0430\u0440\u043a\u0438\u043d, \u0414.\u041d. \u0420\u0430\u043a\u043e\u0432, \u0410.\u0415. \u0412\u043e\u0440\u043e\u0431\u044c\u0451\u0432\u0430, \u0410.\u0412. \u0412\u0430\u0440\u043b\u0430\u0448\u043a\u0438\u043d, \u041e.\u0412, \u0421\u043d\u0438\u0433\u0438\u0440\u0451\u0432 \u00ab\u0412\u044b\u0441\u043e\u043a\u043e\u0442\u0435\u043c\u043f\u0435\u0440\u0430\u0442\u0443\u0440\u043d\u044b\u0435 \u0441\u0432\u0435\u0440\u0445\u043f\u0440\u043e\u0432\u043e\u0434\u044f\u0449\u0438\u0435 \u043f\u043b\u0451\u043d\u043a\u0438 \u043d\u0430 \u0433\u0438\u0431\u043a\u0438\u0445 \u043f\u043e\u0434\u043b\u043e\u0436\u043a\u0430\u0445 \u0434\u043b\u044f \u0442\u0440\u0430\u043d\u0441\u0444\u043e\u0440\u043c\u0430\u0442\u043e\u0440\u0430 \u043c\u0430\u0433\u043d\u0438\u0442\u043d\u043e\u0433\u043e \u043f\u043e\u0442\u043e\u043a\u0430\u00bb <em>\u0420\u0430\u0434\u0438\u043e\u0442\u0435\u0445\u043d\u0438\u043a\u0430 \u0438 \u0440\u0430\u0434\u0438\u043e\u044d\u043b\u0435\u043a\u0442\u0440\u043e\u043d\u0438\u043a\u0430, <strong>57<\/strong> (2012) 1-9<\/em>.<\/li>\n<li>E.K. Lavrentyeva, S.Yu. Vassiliev, .<u>E.E. Levin<\/u>, A.A. Tsirlin, S.N. Polyakov, M. Leoni, K.S. Napolskii, M.O. Gallyamov, O.A. Petrii, G.A. Tsirlina &#171;Smectite Clays as a Quasi-Template for Platinum Electrodeposition&#187;<em> Electrochim. Acta<\/em> <strong><em>61<\/em><\/strong><em> (2012) 94-106<\/em>.<\/li>\n<li><u>Eduard Levin<\/u>, Igor Treninkov, Sergei Polyakov &#171;Moving Crystal Assembly for Handling Small Bulk Samples&#187; <em>J Appl Cryst <strong>44<\/strong> (2011) 1291-1293<\/em>.<\/li>\n<li>E.E. Said-Galiyev, A. Yu. Nikolaev, <u>E.E. Levin<\/u>, E.K. Lavrentyeva, M.O. Gallyamov, S.N. Polyakov, G.A. Tsirlina, A.R. Khokhlov \u201cStructural and Electrocatalytic Features of Pt\/C Catalysts Fabricated in Supercritical Carbon Dioxide\u201d <em>J Solid State Electrochem., <strong>15<\/strong> (2011) 623-633<\/em>.<\/li>\n<li>T. Kiseleva, A. Novakova, M. Zimina, S. Polyakov, <u>E. Levin<\/u>, T. Grigoryieva \u201cMechanochemically induced formation of amorphous phase at oxide nanocomposite interfaces\u201d <em>J. Phys.: Conf. Ser.<\/em> <strong><em>217<\/em><\/strong><em> (2010) 012106<\/em>.<\/li>\n<li>O.A. Petrii, <u>E.E. Levin<\/u> \u201cHydrogen-accumulating Materials in Electrochemical Systems\u201d <em>Russ. J. Gen. Chem. 77 (2007) 790-796.<\/em><\/li>\n<li>\u041e.\u0410. \u041f\u0435\u0442\u0440\u0438\u0439, <u>\u042d.\u0415. \u041b\u0435\u0432\u0438\u043d<\/u> \u00ab\u0412\u043e\u0434\u043e\u0440\u043e\u0434\u043e\u0430\u043a\u043a\u0443\u043c\u0443\u043b\u0438\u0440\u0443\u044e\u0449\u0438\u0435 \u043c\u0430\u0442\u0435\u0440\u0438\u0430\u043b\u044b \u0432 \u044d\u043b\u0435\u043a\u0442\u0440\u043e\u0445\u0438\u043c\u0438\u0447\u0435\u0441\u043a\u0438\u0445 \u0441\u0438\u0441\u0442\u0435\u043c\u0430\u0445\u00bb <em>\u0420\u043e\u0441. \u0425\u0438\u043c. \u0416. <\/em><strong><em>L<\/em><\/strong><em> (2006) 115-119.<\/em><\/li>\n<li><u>E.E. Levin<\/u>, T.Ya. Safonova, O.A. Petrii \u201cSynthesis, Crystallographic and Electrochemical Study of Certain Intermetallic Compounds of A<sub>2<\/sub>B<sub>7<\/sub> type\u201d <em>J. New Mater. Electrochem. Sys. <strong>9<\/strong> (2006) 155-160.<\/em><\/li>\n<li><u>E. Levin<\/u>, P. Donskoy, S. Lushnikov, V, Verbetsky, T. Safonova, O. Petrii \u201cHydrogen Sorption and Electrochemical Properties of Intermetallic Compounds La<sub>2<\/sub>Ni<sub>7<\/sub> and La<sub>2<\/sub>Ni<sub>6<\/sub>Co\u201d <em>in \u201cHydrogen Materials Science and Chemistry of Carbon Nanomaterials\u201d, T. N. Veziroglu et al. (eds), 2004, 503-510.<\/em><\/li>\n<\/ol>\n<p>&nbsp;<\/p>\n<p>E.V. Antipov, G.A. Tsirlina, S.Y. Istomin, O.A. Drozhzhin, <u>E.E. Levin<\/u> &#171;Complex Cobalt Oxide Catalysts For Oxygen Reduction Electrodes in Alkaline Fuel Cells&#187;, US Patent US 7,803,348 B1, Sep.28, 2010.<\/p>\n<p>&nbsp;<\/p>\n<p>\u041f. \u0427\u0438\u0436\u043e\u0432, <u>\u042d. \u041b\u0435\u0432\u0438\u043d<\/u>, \u0410. \u041c\u0438\u0442\u044f\u0435\u0432, \u0410. \u0422\u0438\u043c\u043e\u0444\u0435\u0435\u0432 \u00ab\u041f\u0440\u0438\u0431\u043e\u0440\u044b \u0438 \u043c\u0435\u0442\u043e\u0434\u044b \u0440\u0435\u043d\u0442\u0433\u0435\u043d\u043e\u0432\u0441\u043a\u043e\u0439 \u0438 \u044d\u043b\u0435\u043a\u0442\u0440\u043e\u043d\u043d\u043e\u0439 \u0434\u0438\u0444\u0440\u0430\u043a\u0446\u0438\u0438\u00bb, \u041c\u0424\u0422\u0418 (\u0413\u0423) \u0424\u0413\u0411\u041e\u0423 \u0412\u041f\u041e, \u041c\u043e\u0441\u043a\u0432\u0430, 2011, \u0421. 152, ISBN 978-5-8493-0222-5.<\/p>\n","protected":false},"excerpt":{"rendered":"<p>&nbsp; Leonid V. Pugolovkin, Eduard E. Levin, Olga V. Cherstiouk, Nina A. Rudina, Galina A. Tsirlina &#171;Fabrication and Operation under the Same Conditions: Oxygen Reduction on Electrodeposited Manganese Oxide&#187; ECS Trans 85 (2018) 137. V. V. Zefirov, I. V. Elmanovich, <a href=\"https:\/\/www.elch.chem.msu.ru\/wp3\/index.php\/ru\/levin-publications\/\" class=\"read-more\">\u0447\u0438\u0442\u0430\u0442\u044c \u0434\u0430\u043b\u044c\u0448\u0435 &#8230;<\/a><\/p>\n","protected":false},"author":1,"featured_media":0,"parent":0,"menu_order":0,"comment_status":"closed","ping_status":"closed","template":"","meta":{"footnotes":""},"class_list":["post-2754","page","type-page","status-publish","hentry"],"_links":{"self":[{"href":"https:\/\/www.elch.chem.msu.ru\/wp3\/index.php\/wp-json\/wp\/v2\/pages\/2754","targetHints":{"allow":["GET"]}}],"collection":[{"href":"https:\/\/www.elch.chem.msu.ru\/wp3\/index.php\/wp-json\/wp\/v2\/pages"}],"about":[{"href":"https:\/\/www.elch.chem.msu.ru\/wp3\/index.php\/wp-json\/wp\/v2\/types\/page"}],"author":[{"embeddable":true,"href":"https:\/\/www.elch.chem.msu.ru\/wp3\/index.php\/wp-json\/wp\/v2\/users\/1"}],"replies":[{"embeddable":true,"href":"https:\/\/www.elch.chem.msu.ru\/wp3\/index.php\/wp-json\/wp\/v2\/comments?post=2754"}],"version-history":[{"count":6,"href":"https:\/\/www.elch.chem.msu.ru\/wp3\/index.php\/wp-json\/wp\/v2\/pages\/2754\/revisions"}],"predecessor-version":[{"id":5474,"href":"https:\/\/www.elch.chem.msu.ru\/wp3\/index.php\/wp-json\/wp\/v2\/pages\/2754\/revisions\/5474"}],"wp:attachment":[{"href":"https:\/\/www.elch.chem.msu.ru\/wp3\/index.php\/wp-json\/wp\/v2\/media?parent=2754"}],"curies":[{"name":"wp","href":"https:\/\/api.w.org\/{rel}","templated":true}]}}